{"id":111,"date":"2018-05-03T19:04:15","date_gmt":"2018-05-03T18:04:15","guid":{"rendered":"http:\/\/ternstromconsulting.se\/?page_id=111"},"modified":"2018-05-08T08:46:18","modified_gmt":"2018-05-08T07:46:18","slug":"about-us","status":"publish","type":"page","link":"https:\/\/ternstromconsulting.se\/?page_id=111","title":{"rendered":"About us"},"content":{"rendered":"<p>Ternstrom Consulting is based outside Stockholm, Sweden but works in large parts of the world. Countries covered range from Norway in the north to South Africa in the south, and from Fiji in the Pacific to Haiti in the Caribbean.<\/p>\n<p>We have a small permanent staff and a large network of trusted colleagues across the globe. This makes us flexible and able to accept both small and large assignments, a mix that keeps us close to the ground yet allows us to influence at higher levels.<\/p>\n<p>Ternstrom Consulting is a family-run company, founded in 1999 by Bj\u00f6rn Ternstr\u00f6m. In 2010, Ingela Ternstr\u00f6m joined the company full-time, making it possible to take on larger and methodologically more challenging assignments.<\/p>\n<p>Bj\u00f6rn Ternstr\u00f6m has a MSc in Economics from Stockholm School of Economics, and is a Graduate of the Gestalt International Training Programme. Bj\u00f6rn has extensive experience from\u00a0both implementing, managing and evaluating humanitarian and development aid.\u00a0He is also a skilled organisational development practitioner, coach and facilitator and whenever there is opportunity, he likes to mix these areas of competence.<\/p>\n<p>Ingela Ternstr\u00f6m has a Masters and a PhD in Economics from Stockholm School of Economics. Her studies focused on the intersection of Environmental, Institutional and Development Economics, with research on <span style=\"display: inline !important; float: none; background-color: transparent; color: #111111; cursor: text; font-family: 'Georgia',serif; font-size: 17px; font-style: normal; font-variant: normal; font-weight: 400; letter-spacing: normal; orphans: 2; text-align: left; text-decoration: none; text-indent: 0px; text-transform: none; -webkit-text-stroke-width: 0px; white-space: normal; word-spacing: 0px;\">local natural resource management. In addition to research and development work in Nepal, Ingela has extensive experience from civil society, both as member, founder or board member of several CBOs and from a substantial number of evaluations.<\/span><\/p>\n<p>Our network includes independent consultants based in\u00a0Europe (Sweden, Denmark, Germany, Great Britain, the Netherlands, Norway, Switzerland, Ukraine),\u00a0Africa (Cameroon, CAR, Burkina Faso, Burundi, DRC, Ethiopia, Kenya, Sierra Leone, Tanzania, Tchad, Uganda, South Africa, South Sudan, Zambia) and\u00a0Asia (Bangladesh, Cambodia, <span style=\"display: inline !important; float: none; background-color: transparent; color: #111111; cursor: text; font-family: 'Georgia',serif; font-size: 17px; font-style: normal; font-variant: normal; font-weight: 400; letter-spacing: normal; orphans: 2; text-align: left; text-decoration: none; text-indent: 0px; text-transform: none; -webkit-text-stroke-width: 0px; white-space: normal; word-spacing: 0px;\">India<\/span>, Indonesia, Malaysia, Myanmar, <span style=\"display: inline !important; float: none; background-color: transparent; color: #111111; cursor: text; font-family: 'Georgia',serif; font-size: 17px; font-style: normal; font-variant: normal; font-weight: 400; letter-spacing: normal; orphans: 2; text-align: left; text-decoration: none; text-indent: 0px; text-transform: none; -webkit-text-stroke-width: 0px; white-space: normal; word-spacing: 0px;\">Nepal<\/span>, Pakistan, Philippines), Canada and the US.<\/p>\n","protected":false},"excerpt":{"rendered":"<p>Ternstrom Consulting is based outside Stockholm, Sweden but works in large parts of the world. Countries covered range from Norway in the north to South Africa in the south, and from Fiji in the Pacific to Haiti in the Caribbean. We have a small permanent staff and a large network of trusted colleagues across the [&hellip;]<\/p>\n","protected":false},"author":1,"featured_media":0,"parent":0,"menu_order":0,"comment_status":"closed","ping_status":"closed","template":"","meta":[],"_links":{"self":[{"href":"https:\/\/ternstromconsulting.se\/index.php?rest_route=\/wp\/v2\/pages\/111"}],"collection":[{"href":"https:\/\/ternstromconsulting.se\/index.php?rest_route=\/wp\/v2\/pages"}],"about":[{"href":"https:\/\/ternstromconsulting.se\/index.php?rest_route=\/wp\/v2\/types\/page"}],"author":[{"embeddable":true,"href":"https:\/\/ternstromconsulting.se\/index.php?rest_route=\/wp\/v2\/users\/1"}],"replies":[{"embeddable":true,"href":"https:\/\/ternstromconsulting.se\/index.php?rest_route=%2Fwp%2Fv2%2Fcomments&post=111"}],"version-history":[{"count":8,"href":"https:\/\/ternstromconsulting.se\/index.php?rest_route=\/wp\/v2\/pages\/111\/revisions"}],"predecessor-version":[{"id":172,"href":"https:\/\/ternstromconsulting.se\/index.php?rest_route=\/wp\/v2\/pages\/111\/revisions\/172"}],"wp:attachment":[{"href":"https:\/\/ternstromconsulting.se\/index.php?rest_route=%2Fwp%2Fv2%2Fmedia&parent=111"}],"curies":[{"name":"wp","href":"https:\/\/api.w.org\/{rel}","templated":true}]}}